{"id":18,"date":"2018-01-22T10:40:26","date_gmt":"2018-01-22T10:40:26","guid":{"rendered":"http:\/\/naturaldock.de\/?page_id=18"},"modified":"2019-07-25T14:39:21","modified_gmt":"2019-07-25T14:39:21","slug":"order-now","status":"publish","type":"page","link":"https:\/\/naturaldock.de\/?page_id=18","title":{"rendered":"CONTACT"},"content":{"rendered":"<p>FontFront GmbH<br \/>\nIndustriestra\u00c3\u0178e 20<br \/>\n64380 Ro\u00c3\u0178dorf<br \/>\nGermany<\/p>\n<p><strong>Phone<\/strong> <a href=\"tel:+4961546039520\">+49 (0) 6154 6039520<\/a><br \/>\n<strong>Fax:<\/strong> <a href=\"tel:+4961546039530\">+49 (0) 6154 6039530<\/a><\/p>\n<p><a class=\"button\" href=\"mailto:info@fontfront.com\">contact us<\/a><\/p>\n","protected":false},"excerpt":{"rendered":"<p>FontFront GmbH Industriestra\u00c3\u0178e 20 64380 Ro\u00c3\u0178dorf Germany Phone +49 (0) 6154 6039520 Fax: +49 (0) 6154 6039530 contact us<\/p>\n","protected":false},"author":1,"featured_media":0,"parent":0,"menu_order":0,"comment_status":"closed","ping_status":"closed","template":"","meta":{"footnotes":""},"class_list":["post-18","page","type-page","status-publish","hentry"],"_links":{"self":[{"href":"https:\/\/naturaldock.de\/index.php?rest_route=\/wp\/v2\/pages\/18","targetHints":{"allow":["GET"]}}],"collection":[{"href":"https:\/\/naturaldock.de\/index.php?rest_route=\/wp\/v2\/pages"}],"about":[{"href":"https:\/\/naturaldock.de\/index.php?rest_route=\/wp\/v2\/types\/page"}],"author":[{"embeddable":true,"href":"https:\/\/naturaldock.de\/index.php?rest_route=\/wp\/v2\/users\/1"}],"replies":[{"embeddable":true,"href":"https:\/\/naturaldock.de\/index.php?rest_route=%2Fwp%2Fv2%2Fcomments&post=18"}],"version-history":[{"count":4,"href":"https:\/\/naturaldock.de\/index.php?rest_route=\/wp\/v2\/pages\/18\/revisions"}],"predecessor-version":[{"id":402,"href":"https:\/\/naturaldock.de\/index.php?rest_route=\/wp\/v2\/pages\/18\/revisions\/402"}],"wp:attachment":[{"href":"https:\/\/naturaldock.de\/index.php?rest_route=%2Fwp%2Fv2%2Fmedia&parent=18"}],"curies":[{"name":"wp","href":"https:\/\/api.w.org\/{rel}","templated":true}]}}