{"id":10,"date":"2018-01-22T10:38:37","date_gmt":"2018-01-22T10:38:37","guid":{"rendered":"http:\/\/naturaldock.de\/?page_id=10"},"modified":"2025-07-20T16:10:54","modified_gmt":"2025-07-20T16:10:54","slug":"your-dock","status":"publish","type":"page","link":"https:\/\/naturaldock.de\/?page_id=10","title":{"rendered":"IMPRINT"},"content":{"rendered":"<p>Industriestra\u00c3\u0178e 20<br \/>\n64380 Ro\u00c3\u0178dorf<br \/>\n<strong>Phone<\/strong> <a href=\"tel:+4961546039520\">+49 (0) 6154 6039520<\/a><br \/>\n<strong>Fax:<\/strong> <a href=\"tel:+4961546039530\">+49 (0) 6154 6039530<\/a><br \/>\n<strong>E-Mail:<\/strong>\u00c2\u00a0<a href=\"mailto:info@naturaldock.de\">info@naturaldock.de<\/a><\/p>\n<p><strong>Vertretungsberechtigter Gesellschafter:<\/strong> Alexander Beckmann<br \/>\nInhaltlich Verantwortlicher gem\u00c3\u00a4\u00c3\u0178 \u00c2\u00a7 10 Absatz 3 MDStV: Alexander Beckmann\u00c2\u00a0(Anschrift wie oben)<\/p>\n<p class=\"p1\">Zugunsten des Leseflusses wurde darauf verzichtet mehrere Geschlechter, beispielsweise in der Form mit * zu benennen. Sofern im Text f\u00fcr allgemeine Benennungen eine eindeutige geschlechtliche Form gew\u00e4hlt wurde, sind damit alle anderen Geschlechter mit gemeint.<\/p>\n<p>\u00c2\u00a9 2019 by <a href=\"http:\/\/www.fontfront.com\" target=\"_blank\" rel=\"noopener noreferrer\">FontFront.com<\/a><br \/>\nPowered by\u00c2\u00a0<a href=\"https:\/\/de.wordpress.com\" target=\"_blank\" rel=\"noopener noreferrer\">WordPress<\/a><\/p>\n","protected":false},"excerpt":{"rendered":"<p>Industriestra\u00c3\u0178e 20 64380 Ro\u00c3\u0178dorf Phone +49 (0) 6154 6039520 Fax: +49 (0) 6154 6039530 E-Mail:\u00c2\u00a0info@naturaldock.de Vertretungsberechtigter Gesellschafter: Alexander Beckmann Inhaltlich Verantwortlicher gem\u00c3\u00a4\u00c3\u0178 \u00c2\u00a7 10 Absatz 3 MDStV: Alexander Beckmann\u00c2\u00a0(Anschrift wie oben) Zugunsten des Leseflusses wurde darauf verzichtet mehrere Geschlechter, beispielsweise in der Form mit * zu benennen. Sofern im Text f\u00fcr allgemeine Benennungen eine eindeutige<\/p>\n<footer class=\"entry-footer index-entry\">\n<div class=\"post-social pull-left\"><a href=\"https:\/\/www.facebook.com\/sharer\/sharer.php?u=https%3A%2F%2Fnaturaldock.de%2F%3Fpage_id%3D10\" target=\"_blank\" class=\"social-icons\"><i class=\"fa fa-facebook\" aria-hidden=\"true\"><\/i><\/a><a href=\"https:\/\/twitter.com\/home?status=https%3A%2F%2Fnaturaldock.de%2F%3Fpage_id%3D10\" target=\"_blank\" class=\"social-icons\"><i class=\"fa fa-twitter\" aria-hidden=\"true\"><\/i><\/a><a href=\"https:\/\/www.linkedin.com\/shareArticle?mini=true&#038;url=https%3A%2F%2Fnaturaldock.de%2F%3Fpage_id%3D10&#038;title=IMPRINT\" target=\"_blank\" class=\"social-icons\"><i class=\"fa fa-linkedin\" aria-hidden=\"true\"><\/i><\/a><\/div>\n<p class=\"link-more\"><a href=\"https:\/\/naturaldock.de\/?page_id=10\" class=\"more-link\">Continue reading <span class=\"meta-nav\">\u2192<\/span><\/a><\/p>\n<\/footer>\n","protected":false},"author":1,"featured_media":0,"parent":0,"menu_order":3,"comment_status":"closed","ping_status":"closed","template":"","meta":{"footnotes":""},"class_list":["post-10","page","type-page","status-publish","hentry"],"_links":{"self":[{"href":"https:\/\/naturaldock.de\/index.php?rest_route=\/wp\/v2\/pages\/10","targetHints":{"allow":["GET"]}}],"collection":[{"href":"https:\/\/naturaldock.de\/index.php?rest_route=\/wp\/v2\/pages"}],"about":[{"href":"https:\/\/naturaldock.de\/index.php?rest_route=\/wp\/v2\/types\/page"}],"author":[{"embeddable":true,"href":"https:\/\/naturaldock.de\/index.php?rest_route=\/wp\/v2\/users\/1"}],"replies":[{"embeddable":true,"href":"https:\/\/naturaldock.de\/index.php?rest_route=%2Fwp%2Fv2%2Fcomments&post=10"}],"version-history":[{"count":11,"href":"https:\/\/naturaldock.de\/index.php?rest_route=\/wp\/v2\/pages\/10\/revisions"}],"predecessor-version":[{"id":523,"href":"https:\/\/naturaldock.de\/index.php?rest_route=\/wp\/v2\/pages\/10\/revisions\/523"}],"wp:attachment":[{"href":"https:\/\/naturaldock.de\/index.php?rest_route=%2Fwp%2Fv2%2Fmedia&parent=10"}],"curies":[{"name":"wp","href":"https:\/\/api.w.org\/{rel}","templated":true}]}}